{"id":9,"date":"2026-01-31T20:33:12","date_gmt":"2026-01-31T20:33:12","guid":{"rendered":"https:\/\/plurielles.eu\/?page_id=9"},"modified":"2026-01-31T22:02:06","modified_gmt":"2026-01-31T22:02:06","slug":"bienvenue-sur","status":"publish","type":"page","link":"https:\/\/plurielles.eu\/","title":{"rendered":"Home"},"content":{"rendered":"<div class=\"wp-block-image\">\n<figure class=\"aligncenter size-full is-resized\"><img loading=\"lazy\" decoding=\"async\" width=\"2560\" height=\"780\" src=\"http:\/\/plurielles.eu\/wp-content\/uploads\/2026\/01\/Plurielles_titre-fond-transparent-scaled.png\" alt=\"\" class=\"wp-image-21\" style=\"aspect-ratio:3.282190609927346;width:596px;height:auto\" srcset=\"https:\/\/plurielles.eu\/wp-content\/uploads\/2026\/01\/Plurielles_titre-fond-transparent-scaled.png 2560w, https:\/\/plurielles.eu\/wp-content\/uploads\/2026\/01\/Plurielles_titre-fond-transparent-300x91.png 300w, https:\/\/plurielles.eu\/wp-content\/uploads\/2026\/01\/Plurielles_titre-fond-transparent-1024x312.png 1024w, https:\/\/plurielles.eu\/wp-content\/uploads\/2026\/01\/Plurielles_titre-fond-transparent-768x234.png 768w, https:\/\/plurielles.eu\/wp-content\/uploads\/2026\/01\/Plurielles_titre-fond-transparent-1536x468.png 1536w, https:\/\/plurielles.eu\/wp-content\/uploads\/2026\/01\/Plurielles_titre-fond-transparent-2048x624.png 2048w\" sizes=\"auto, (max-width: 2560px) 100vw, 2560px\" \/><\/figure>\n<\/div>\n\n\n<div class=\"wp-block-group\"><div class=\"wp-block-group__inner-container is-layout-constrained wp-block-group-is-layout-constrained\">\n<h1 class=\"wp-block-heading has-text-align-center\"><em>Une exposition <strong>collective <\/strong>et <strong>\u00e9volutive <\/strong>sur la <strong>diversit\u00e9 <\/strong>des <strong>corps f\u00e9minins<\/strong><\/em><\/h1>\n<\/div><\/div>\n\n\n\n<div class=\"wp-block-group\"><div class=\"wp-block-group__inner-container is-layout-constrained wp-block-group-is-layout-constrained\">\n<p><\/p>\n\n\n\n<p class=\"has-text-align-center\"><em>Les corps se d\u00e9clinent en mille formes et mille couleurs.<\/em><\/p>\n\n\n\n<p class=\"has-text-align-center\"><em>Petits, grands, ronds, anguleux, ils sont pluriels.<\/em><\/p>\n\n\n\n<p class=\"has-text-align-center\"><\/p>\n\n\n\n<p class=\"has-text-align-center\"><em>Ils respirent, aiment, tremblent, vieillissent, saignent, jouissent&#8230;<\/em><\/p>\n\n\n\n<p class=\"has-text-align-center\"><em>Ils ne sont pas des vitrines, mais les instruments de notre histoire.<\/em><\/p>\n<\/div><\/div>\n\n\n\n<p><\/p>\n\n\n\n<h2 class=\"wp-block-heading has-text-align-center\">Premi\u00e8re \u00e9dition \u00e0 <strong>Louvain-la-Neuve du 23 mai au 19 juin 2026<\/strong><\/h2>\n\n\n\n<p><\/p>\n\n\n\n<h4 class=\"wp-block-heading has-text-align-center\"><strong>Dates :<\/strong><\/h4>\n\n\n\n<h4 class=\"wp-block-heading has-text-align-center\">Exposition : du 23 mai au 19 juin 2026 &amp; Vernissage : vendredi 22 mai \u00e0 18h00<\/h4>\n\n\n\n<h4 class=\"wp-block-heading has-text-align-center\"><strong>Horaires :<\/strong><\/h4>\n\n\n\n<h4 class=\"wp-block-heading has-text-align-center\">Lun\u2013Ven : 9h\u201317h &amp; Samedi : 11h\u201317h  &#8211;  Entr\u00e9e libre<\/h4>\n\n\n\n<h6 class=\"wp-block-heading\"><\/h6>\n\n\n\n<h4 class=\"wp-block-heading has-text-align-center\"><strong>Lieu :<\/strong><\/h4>\n\n\n\n<div class=\"wp-block-group\"><div class=\"wp-block-group__inner-container is-layout-constrained wp-block-group-is-layout-constrained\">\n<h4 class=\"wp-block-heading has-text-align-center\">Forum des Halles \u2013 1348 Louvain-la-Neuve &#8211; (\u00c0 l\u2019arri\u00e8re d\u2019Inforville, dans la galerie de la gare)<\/h4>\n\n\n\n<h6 class=\"wp-block-heading\"><\/h6>\n\n\n\n<h6 class=\"wp-block-heading\"><\/h6>\n<\/div><\/div>\n\n\n\n<div class=\"wp-block-buttons is-layout-flex wp-block-buttons-is-layout-flex\">\n<div class=\"wp-block-button\"><a class=\"wp-block-button__link wp-element-button\" href=\"https:\/\/maps.app.goo.gl\/zcayxeN4xXFHrWMM7\">Map<\/a><\/div>\n<\/div>\n\n\n\n<h6 class=\"wp-block-heading has-text-align-center\">Avec plus de 10 cr\u00e9atrices (peinture, dessin, photo, collage, c\u00e9ramique, vid\u00e9o, papier-m\u00e2ch\u00e9 \u2026)<\/h6>\n\n\n\n<p>Pour plus d&#8217;info, \u00e9crivez-nous:<\/p>\n\n\n\n<div class=\"wp-block-buttons is-layout-flex wp-block-buttons-is-layout-flex\">\n<div class=\"wp-block-button\"><a class=\"wp-block-button__link wp-element-button\" href=\"mailto:art@plurielles.eu\">Email<\/a><\/div>\n<\/div>\n\n\n\n<p><\/p>\n","protected":false},"excerpt":{"rendered":"<p>Une exposition collective et \u00e9volutive sur la diversit\u00e9 des corps f\u00e9minins Les corps se d\u00e9clinent en mille formes et mille couleurs. Petits, grands, ronds, anguleux, ils sont pluriels. Ils respirent, aiment, tremblent, vieillissent, saignent, jouissent&#8230; Ils ne sont pas des vitrines, mais les instruments de notre histoire. Premi\u00e8re \u00e9dition \u00e0 Louvain-la-Neuve du 23 mai au [&hellip;]<\/p>\n","protected":false},"author":1,"featured_media":0,"parent":0,"menu_order":0,"comment_status":"closed","ping_status":"closed","template":"","meta":{"footnotes":""},"class_list":["post-9","page","type-page","status-publish","hentry"],"_links":{"self":[{"href":"https:\/\/plurielles.eu\/index.php\/wp-json\/wp\/v2\/pages\/9","targetHints":{"allow":["GET"]}}],"collection":[{"href":"https:\/\/plurielles.eu\/index.php\/wp-json\/wp\/v2\/pages"}],"about":[{"href":"https:\/\/plurielles.eu\/index.php\/wp-json\/wp\/v2\/types\/page"}],"author":[{"embeddable":true,"href":"https:\/\/plurielles.eu\/index.php\/wp-json\/wp\/v2\/users\/1"}],"replies":[{"embeddable":true,"href":"https:\/\/plurielles.eu\/index.php\/wp-json\/wp\/v2\/comments?post=9"}],"version-history":[{"count":27,"href":"https:\/\/plurielles.eu\/index.php\/wp-json\/wp\/v2\/pages\/9\/revisions"}],"predecessor-version":[{"id":76,"href":"https:\/\/plurielles.eu\/index.php\/wp-json\/wp\/v2\/pages\/9\/revisions\/76"}],"wp:attachment":[{"href":"https:\/\/plurielles.eu\/index.php\/wp-json\/wp\/v2\/media?parent=9"}],"curies":[{"name":"wp","href":"https:\/\/api.w.org\/{rel}","templated":true}]}}