{"id":6,"date":"2026-01-31T21:05:03","date_gmt":"2026-01-31T21:05:03","guid":{"rendered":"https:\/\/plurielles.eu\/?page_id=6"},"modified":"2026-01-31T21:07:08","modified_gmt":"2026-01-31T21:07:08","slug":"les-artistes","status":"publish","type":"page","link":"https:\/\/plurielles.eu\/index.php\/les-artistes\/","title":{"rendered":"Les artistes"},"content":{"rendered":"\n<p>L&#8217;appel \u00e0 candidature est encore ouvert juste que le 6 Fevrier.<\/p>\n\n\n\n<p><\/p>\n\n\n\n<p>La liste <strong>des artistes <\/strong>et <strong>d\u2019\u0153uvres\u00a0<\/strong>s\u00e9lectionn\u00e9es sera publi\u00e9 \u00e0 partir du 15 f\u00e9vrier.<\/p>\n","protected":false},"excerpt":{"rendered":"<p>L&#8217;appel \u00e0 candidature est encore ouvert juste que le 6 Fevrier. La liste des artistes et d\u2019\u0153uvres\u00a0s\u00e9lectionn\u00e9es sera publi\u00e9 \u00e0 partir du 15 f\u00e9vrier.<\/p>\n","protected":false},"author":1,"featured_media":0,"parent":0,"menu_order":0,"comment_status":"closed","ping_status":"closed","template":"","meta":{"footnotes":""},"class_list":["post-6","page","type-page","status-publish","hentry"],"_links":{"self":[{"href":"https:\/\/plurielles.eu\/index.php\/wp-json\/wp\/v2\/pages\/6","targetHints":{"allow":["GET"]}}],"collection":[{"href":"https:\/\/plurielles.eu\/index.php\/wp-json\/wp\/v2\/pages"}],"about":[{"href":"https:\/\/plurielles.eu\/index.php\/wp-json\/wp\/v2\/types\/page"}],"author":[{"embeddable":true,"href":"https:\/\/plurielles.eu\/index.php\/wp-json\/wp\/v2\/users\/1"}],"replies":[{"embeddable":true,"href":"https:\/\/plurielles.eu\/index.php\/wp-json\/wp\/v2\/comments?post=6"}],"version-history":[{"count":3,"href":"https:\/\/plurielles.eu\/index.php\/wp-json\/wp\/v2\/pages\/6\/revisions"}],"predecessor-version":[{"id":36,"href":"https:\/\/plurielles.eu\/index.php\/wp-json\/wp\/v2\/pages\/6\/revisions\/36"}],"wp:attachment":[{"href":"https:\/\/plurielles.eu\/index.php\/wp-json\/wp\/v2\/media?parent=6"}],"curies":[{"name":"wp","href":"https:\/\/api.w.org\/{rel}","templated":true}]}}